{"id":274,"date":"2025-09-29T10:40:38","date_gmt":"2025-09-29T07:40:38","guid":{"rendered":"https:\/\/www.mankonkoop.com\/?page_id=274"},"modified":"2025-09-29T10:41:40","modified_gmt":"2025-09-29T07:41:40","slug":"vizyonumuz","status":"publish","type":"page","link":"https:\/\/www.mankonkoop.com\/?page_id=274","title":{"rendered":"V\u0130ZYONUMUZ"},"content":{"rendered":"\n<p><strong>T\u00fcrkiye\u2019nin en g\u00fcvenilir ve tercih edilen kara yolu konteyner ta\u015f\u0131mac\u0131l\u0131\u011f\u0131 kooperatiflerinden biri olmak;<\/strong><\/p>\n\n\n\n<ul class=\"wp-block-list\">\n<li><strong>Teknolojiyi etkin kullanan,<\/strong><\/li>\n\n\n\n<li><strong>M\u00fc\u015fteri memnuniyetini ve \u015feffafl\u0131\u011f\u0131 esas alan,<\/strong><\/li>\n\n\n\n<li><strong>Sekt\u00f6rde \u00f6rnek g\u00f6sterilen,<\/strong><\/li>\n\n\n\n<li><strong>\u00dcyelerinin g\u00fcc\u00fcn\u00fc birle\u015ftirerek b\u00fcy\u00fcyen, yenilik\u00e7i bir lojistik yap\u0131lanma haline gelmek.<\/strong><\/li>\n<\/ul>\n","protected":false},"excerpt":{"rendered":"<p>T\u00fcrkiye\u2019nin en g\u00fcvenilir ve tercih edilen kara yolu konteyner ta\u015f\u0131mac\u0131l\u0131\u011f\u0131 kooperatiflerinden biri olmak;<\/p>\n","protected":false},"author":1,"featured_media":0,"parent":0,"menu_order":0,"comment_status":"closed","ping_status":"closed","template":"","meta":{"footnotes":""},"class_list":["post-274","page","type-page","status-publish","hentry"],"_links":{"self":[{"href":"https:\/\/www.mankonkoop.com\/index.php?rest_route=\/wp\/v2\/pages\/274","targetHints":{"allow":["GET"]}}],"collection":[{"href":"https:\/\/www.mankonkoop.com\/index.php?rest_route=\/wp\/v2\/pages"}],"about":[{"href":"https:\/\/www.mankonkoop.com\/index.php?rest_route=\/wp\/v2\/types\/page"}],"author":[{"embeddable":true,"href":"https:\/\/www.mankonkoop.com\/index.php?rest_route=\/wp\/v2\/users\/1"}],"replies":[{"embeddable":true,"href":"https:\/\/www.mankonkoop.com\/index.php?rest_route=%2Fwp%2Fv2%2Fcomments&post=274"}],"version-history":[{"count":2,"href":"https:\/\/www.mankonkoop.com\/index.php?rest_route=\/wp\/v2\/pages\/274\/revisions"}],"predecessor-version":[{"id":277,"href":"https:\/\/www.mankonkoop.com\/index.php?rest_route=\/wp\/v2\/pages\/274\/revisions\/277"}],"wp:attachment":[{"href":"https:\/\/www.mankonkoop.com\/index.php?rest_route=%2Fwp%2Fv2%2Fmedia&parent=274"}],"curies":[{"name":"wp","href":"https:\/\/api.w.org\/{rel}","templated":true}]}}