{"id":271,"date":"2025-09-29T10:32:22","date_gmt":"2025-09-29T07:32:22","guid":{"rendered":"https:\/\/www.mankonkoop.com\/?page_id=271"},"modified":"2025-09-29T10:33:40","modified_gmt":"2025-09-29T07:33:40","slug":"hakkimizda","status":"publish","type":"page","link":"https:\/\/www.mankonkoop.com\/?page_id=271","title":{"rendered":"HAKKIMIZDA"},"content":{"rendered":"\n<p>S.S. Manisa Konteyner Karayolu Y\u00fck Ta\u015f\u0131ma Kooperatifi, 2020 y\u0131l\u0131nda ulusal ve uluslararas\u0131 kara yolu ta\u015f\u0131mac\u0131l\u0131\u011f\u0131nda g\u00fc\u00e7l\u00fc, g\u00fcvenilir ve \u00e7\u00f6z\u00fcm odakl\u0131 bir hizmet sunmak amac\u0131yla kurulmu\u015ftur. \u00dcyelerimizin \u00f6zverili \u00e7al\u0131\u015fmalar\u0131 ve sekt\u00f6rel deneyimleriyle, konteyner ta\u015f\u0131mac\u0131l\u0131\u011f\u0131 alan\u0131nda b\u00f6lgenin \u00f6nc\u00fc kooperatifi olman\u0131n gururunu ta\u015f\u0131yoruz.<\/p>\n\n\n\n<p>Bug\u00fcn itibar\u0131yla 56 ara\u00e7l\u0131k filomuz ile m\u00fc\u015fterilerimize hizmet vermekteyiz. Modern \u00e7ekici ve dorselerden olu\u015fan filomuz, deneyimli s\u00fcr\u00fcc\u00fclerimiz ve profesyonel operasyon ekibimizle her t\u00fcrl\u00fc lojistik ihtiyaca h\u0131zl\u0131, g\u00fcvenilir ve ekonomik \u00e7\u00f6z\u00fcmler sunuyoruz.<\/p>\n\n\n\n<p>Misyonumuz; \u00fcyelerimizin eme\u011fini en iyi \u015fekilde de\u011ferlendirerek, m\u00fc\u015fterilerimizin y\u00fcklerini g\u00fcvenle ta\u015f\u0131makt\u0131r. Vizyonumuz ise; yenilik\u00e7i yakla\u015f\u0131mlar, dijital \u00e7\u00f6z\u00fcmler ve s\u00fcrd\u00fcr\u00fclebilirlik ilkeleriyle hareket ederek T\u00fcrkiye\u2019nin ve b\u00f6lgenin en g\u00fcvenilir kara yolu ta\u015f\u0131mac\u0131l\u0131\u011f\u0131 kooperatiflerinden biri olmakt\u0131r.<\/p>\n\n\n\n<p>Kooperatifimiz, kalite standartlar\u0131na uygun \u015fekilde faaliyetlerini y\u00fcr\u00fctmekte, sekt\u00f6rel mevzuata tam uyum sa\u011flayarak m\u00fc\u015fterilerimize ve i\u015f ortaklar\u0131m\u0131za de\u011fer katmaktad\u0131r. G\u00fcc\u00fcm\u00fcz\u00fc ortak dayan\u0131\u015fmam\u0131zdan al\u0131yor, \u201cbirlikten kuvvet do\u011far\u201d anlay\u0131\u015f\u0131yla gelece\u011fe emin ad\u0131mlarla ilerliyoruz.<\/p>\n","protected":false},"excerpt":{"rendered":"<p>S.S. Manisa Konteyner Karayolu Y\u00fck Ta\u015f\u0131ma Kooperatifi, 2020 y\u0131l\u0131nda ulusal ve uluslararas\u0131 kara yolu ta\u015f\u0131mac\u0131l\u0131\u011f\u0131nda g\u00fc\u00e7l\u00fc, g\u00fcvenilir ve \u00e7\u00f6z\u00fcm odakl\u0131 bir hizmet sunmak amac\u0131yla kurulmu\u015ftur. \u00dcyelerimizin \u00f6zverili \u00e7al\u0131\u015fmalar\u0131 ve sekt\u00f6rel deneyimleriyle, konteyner ta\u015f\u0131mac\u0131l\u0131\u011f\u0131 alan\u0131nda b\u00f6lgenin \u00f6nc\u00fc kooperatifi olman\u0131n gururunu ta\u015f\u0131yoruz. Bug\u00fcn itibar\u0131yla 56 ara\u00e7l\u0131k filomuz ile m\u00fc\u015fterilerimize hizmet vermekteyiz. Modern \u00e7ekici ve dorselerden olu\u015fan filomuz, [&hellip;]<\/p>\n","protected":false},"author":1,"featured_media":0,"parent":0,"menu_order":0,"comment_status":"closed","ping_status":"closed","template":"","meta":{"footnotes":""},"class_list":["post-271","page","type-page","status-publish","hentry"],"_links":{"self":[{"href":"https:\/\/www.mankonkoop.com\/index.php?rest_route=\/wp\/v2\/pages\/271","targetHints":{"allow":["GET"]}}],"collection":[{"href":"https:\/\/www.mankonkoop.com\/index.php?rest_route=\/wp\/v2\/pages"}],"about":[{"href":"https:\/\/www.mankonkoop.com\/index.php?rest_route=\/wp\/v2\/types\/page"}],"author":[{"embeddable":true,"href":"https:\/\/www.mankonkoop.com\/index.php?rest_route=\/wp\/v2\/users\/1"}],"replies":[{"embeddable":true,"href":"https:\/\/www.mankonkoop.com\/index.php?rest_route=%2Fwp%2Fv2%2Fcomments&post=271"}],"version-history":[{"count":1,"href":"https:\/\/www.mankonkoop.com\/index.php?rest_route=\/wp\/v2\/pages\/271\/revisions"}],"predecessor-version":[{"id":272,"href":"https:\/\/www.mankonkoop.com\/index.php?rest_route=\/wp\/v2\/pages\/271\/revisions\/272"}],"wp:attachment":[{"href":"https:\/\/www.mankonkoop.com\/index.php?rest_route=%2Fwp%2Fv2%2Fmedia&parent=271"}],"curies":[{"name":"wp","href":"https:\/\/api.w.org\/{rel}","templated":true}]}}