{"id":188,"date":"2025-09-27T12:42:13","date_gmt":"2025-09-27T09:42:13","guid":{"rendered":"https:\/\/www.mankonkoop.com\/?page_id=188"},"modified":"2025-09-29T13:22:28","modified_gmt":"2025-09-29T10:22:28","slug":"teklif","status":"publish","type":"page","link":"https:\/\/www.mankonkoop.com\/?page_id=188","title":{"rendered":"F\u0130YAT TEKL\u0130F\u0130 ALIN"},"content":{"rendered":"\n<p>Teklif Almak \u0130\u00e7in L\u00fctfen Formu Doldurun<\/p>\n\n\n\n<div class=\"wpcf7 no-js\" id=\"wpcf7-f184-o1\" lang=\"tr-TR\" dir=\"ltr\" data-wpcf7-id=\"184\">\n<div class=\"screen-reader-response\"><p role=\"status\" aria-live=\"polite\" aria-atomic=\"true\"><\/p> <ul><\/ul><\/div>\n<form action=\"\/index.php?rest_route=%2Fwp%2Fv2%2Fpages%2F188#wpcf7-f184-o1\" method=\"post\" class=\"wpcf7-form init\" aria-label=\"\u0130leti\u015fim Formu\" novalidate=\"novalidate\" data-status=\"init\">\n<fieldset class=\"hidden-fields-container\"><input type=\"hidden\" name=\"_wpcf7\" value=\"184\" \/><input type=\"hidden\" name=\"_wpcf7_version\" value=\"6.1.3\" \/><input type=\"hidden\" name=\"_wpcf7_locale\" value=\"tr_TR\" \/><input type=\"hidden\" name=\"_wpcf7_unit_tag\" value=\"wpcf7-f184-o1\" \/><input type=\"hidden\" name=\"_wpcf7_container_post\" value=\"0\" \/><input type=\"hidden\" name=\"_wpcf7_posted_data_hash\" value=\"\" \/>\n<\/fieldset>\n<p><label> Firma \u00dcnvan\u0131<br \/>\n<span class=\"wpcf7-form-control-wrap\" data-name=\"ad\"><input size=\"40\" maxlength=\"400\" class=\"wpcf7-form-control wpcf7-text wpcf7-validates-as-required\" autocomplete=\"name\" aria-required=\"true\" aria-invalid=\"false\" value=\"\" type=\"text\" name=\"ad\" \/><\/span> <\/label>\n<\/p>\n<p><label> E-posta adresiniz<br \/>\n<span class=\"wpcf7-form-control-wrap\" data-name=\"email\"><input size=\"40\" maxlength=\"400\" class=\"wpcf7-form-control wpcf7-email wpcf7-validates-as-required wpcf7-text wpcf7-validates-as-email\" autocomplete=\"email\" aria-required=\"true\" aria-invalid=\"false\" value=\"\" type=\"email\" name=\"email\" \/><\/span> <\/label>\n<\/p>\n<p><label> Telefon Numaran\u0131z\u0131 Girin<br \/>\n<span class=\"wpcf7-form-control-wrap\" data-name=\"tel\"><input size=\"40\" maxlength=\"400\" class=\"wpcf7-form-control wpcf7-tel wpcf7-validates-as-required wpcf7-text wpcf7-validates-as-tel\" autocomplete=\"tel\" aria-required=\"true\" aria-invalid=\"false\" value=\"\" type=\"tel\" name=\"tel\" \/><\/span> <\/label>\n<\/p>\n<p><label> Al\u0131m Yeri<br \/>\n<span class=\"wpcf7-form-control-wrap\" data-name=\"alim\"><input size=\"40\" maxlength=\"400\" class=\"wpcf7-form-control wpcf7-text wpcf7-validates-as-required\" aria-required=\"true\" aria-invalid=\"false\" value=\"\" type=\"text\" name=\"alim\" \/><\/span> <\/label>\n<\/p>\n<p><label> Y\u00fckleme \/ Bo\u015faltma Yeri<br \/>\n<span class=\"wpcf7-form-control-wrap\" data-name=\"yukleme\"><input size=\"40\" maxlength=\"400\" class=\"wpcf7-form-control wpcf7-text wpcf7-validates-as-required\" aria-required=\"true\" aria-invalid=\"false\" value=\"\" type=\"text\" name=\"yukleme\" \/><\/span> <\/label>\n<\/p>\n<p><label> Teslim Yeri<br \/>\n<span class=\"wpcf7-form-control-wrap\" data-name=\"varis\"><input size=\"40\" maxlength=\"400\" class=\"wpcf7-form-control wpcf7-text wpcf7-validates-as-required\" aria-required=\"true\" aria-invalid=\"false\" value=\"\" type=\"text\" name=\"varis\" \/><\/span> <\/label>\n<\/p>\n<p><label> Konteyner Tipi<br \/>\n<span class=\"wpcf7-form-control-wrap\" data-name=\"konyteyner\"><select class=\"wpcf7-form-control wpcf7-select wpcf7-validates-as-required\" aria-required=\"true\" aria-invalid=\"false\" name=\"konyteyner\"><option value=\"\">20 DC (Dry Container)<\/option><option value=\"40 DC (Dry Container)\">40 DC (Dry Container)<\/option><option value=\"40 HC (High Cube)\">40 HC (High Cube)<\/option><option value=\"20 RF (Reefer)\">20 RF (Reefer)<\/option><option value=\"40 RF (Reefer)\">40 RF (Reefer)<\/option><option value=\"20 OT (Open Top)\">20 OT (Open Top)<\/option><option value=\"40 OT (Open Top)\">40 OT (Open Top)<\/option><option value=\"20 FR (Flat Rack)\">20 FR (Flat Rack)<\/option><option value=\"40 FR (Flat Rack)\">40 FR (Flat Rack)<\/option><option value=\"Tank Konteyner (ISO Tank)\">Tank Konteyner (ISO Tank)<\/option><option value=\"A\u00c7IK Y\u00dcK\">A\u00c7IK Y\u00dcK<\/option><\/select><\/span> <\/label>\n<\/p>\n<p><label> Tahmini Tonaj<br \/>\n<span class=\"wpcf7-form-control-wrap\" data-name=\"tonaj\"><input size=\"40\" maxlength=\"400\" class=\"wpcf7-form-control wpcf7-text wpcf7-validates-as-required\" aria-required=\"true\" aria-invalid=\"false\" value=\"\" type=\"text\" name=\"tonaj\" \/><\/span> <\/label>\n<\/p>\n<p><label> Konteyner Adedi<br \/>\n<span class=\"wpcf7-form-control-wrap\" data-name=\"adet\"><input size=\"40\" maxlength=\"400\" class=\"wpcf7-form-control wpcf7-text wpcf7-validates-as-required\" aria-required=\"true\" aria-invalid=\"false\" value=\"\" type=\"text\" name=\"adet\" \/><\/span> <\/label>\n<\/p>\n<p><label> Not (\u0130ste\u011fe Ba\u011fl\u0131)<br \/>\n<span class=\"wpcf7-form-control-wrap\" data-name=\"not\"><textarea cols=\"40\" rows=\"10\" maxlength=\"2000\" class=\"wpcf7-form-control wpcf7-textarea\" aria-invalid=\"false\" name=\"not\"><\/textarea><\/span> <\/label>\n<\/p>\n<p><label> L\u00fctfen A\u015fa\u011f\u0131daki Soruyu Cevaplay\u0131n\u0131z<br \/>\n<span class=\"wpcf7-form-control-wrap\" data-name=\"soru\"><label><span class=\"wpcf7-quiz-label\">5 + 5=?<\/span> <input size=\"40\" class=\"wpcf7-form-control wpcf7-quiz\" autocomplete=\"off\" aria-required=\"true\" aria-invalid=\"false\" type=\"text\" name=\"soru\" \/><\/label><input type=\"hidden\" name=\"_wpcf7_quiz_answer_soru\" value=\"f50a082965b6b6fb1349b378611ac7b7\" \/><\/span><\/label>\n<\/p>\n<p><input class=\"wpcf7-form-control wpcf7-submit has-spinner\" type=\"submit\" value=\"G\u00f6nder\" \/>\n<\/p><div class=\"wpcf7-response-output\" aria-hidden=\"true\"><\/div>\n<\/form>\n<\/div>\n\n","protected":false},"excerpt":{"rendered":"<p>Teklif Almak \u0130\u00e7in L\u00fctfen Formu Doldurun<\/p>\n","protected":false},"author":1,"featured_media":0,"parent":0,"menu_order":0,"comment_status":"closed","ping_status":"closed","template":"","meta":{"footnotes":""},"class_list":["post-188","page","type-page","status-publish","hentry"],"_links":{"self":[{"href":"https:\/\/www.mankonkoop.com\/index.php?rest_route=\/wp\/v2\/pages\/188","targetHints":{"allow":["GET"]}}],"collection":[{"href":"https:\/\/www.mankonkoop.com\/index.php?rest_route=\/wp\/v2\/pages"}],"about":[{"href":"https:\/\/www.mankonkoop.com\/index.php?rest_route=\/wp\/v2\/types\/page"}],"author":[{"embeddable":true,"href":"https:\/\/www.mankonkoop.com\/index.php?rest_route=\/wp\/v2\/users\/1"}],"replies":[{"embeddable":true,"href":"https:\/\/www.mankonkoop.com\/index.php?rest_route=%2Fwp%2Fv2%2Fcomments&post=188"}],"version-history":[{"count":4,"href":"https:\/\/www.mankonkoop.com\/index.php?rest_route=\/wp\/v2\/pages\/188\/revisions"}],"predecessor-version":[{"id":269,"href":"https:\/\/www.mankonkoop.com\/index.php?rest_route=\/wp\/v2\/pages\/188\/revisions\/269"}],"wp:attachment":[{"href":"https:\/\/www.mankonkoop.com\/index.php?rest_route=%2Fwp%2Fv2%2Fmedia&parent=188"}],"curies":[{"name":"wp","href":"https:\/\/api.w.org\/{rel}","templated":true}]}}